{"id":352,"date":"2025-03-29T13:17:48","date_gmt":"2025-03-29T12:17:48","guid":{"rendered":"https:\/\/rhoprime.org\/?page_id=352"},"modified":"2025-04-22T18:11:27","modified_gmt":"2025-04-22T16:11:27","slug":"nos-missions","status":"publish","type":"page","link":"https:\/\/tiliwey.net\/en\/nos-missions\/","title":{"rendered":"Our Missions"},"content":{"rendered":"<p class=\"mission\">\n<p class=\"mission\">Tiliwey is a key actor in the transition to a sustainable economy.\n Its mission is to help territories - whether rural or urban - maintain resilient economic activities,\n while ensuring responsible and preventive management of natural resources. \nIn this context, Tiliwey is developing solutions to provide climate data and services for sensitive sectors such as agriculture, \nlivestock, insurance, infrastructure, transport, \nhealth, energy and territorial planning, etc. The aim is to enable public and private players to better anticipate risks, \nadapt their investments and strengthen their resilience in the face of climatic hazards.<\/p>\n<\/p>\n\n\n\n<p><\/p>","protected":false},"excerpt":{"rendered":"<p>Tiliwey se positionne comme un acteur cl\u00e9 pour accompagner la transition vers une \u00e9conomie durable. Sa mission est d\u2019aider les territoires \u2014 qu\u2019ils soient ruraux ou urbains \u2014 \u00e0 maintenir des activit\u00e9s \u00e9conomiques r\u00e9silientes, tout en assurant une gestion responsable et pr\u00e9ventive des ressources naturelles. Dans ce cadre, Tiliwey d\u00e9veloppe des solutions pour fournir des &hellip; <\/p>\n<p class=\"link-more\"><a href=\"https:\/\/tiliwey.net\/en\/nos-missions\/\" class=\"more-link\">Read more<span class=\"screen-reader-text\"> \u00ab\u00a0Nos missions\u00a0\u00bb<\/span><\/a><\/p>","protected":false},"author":1,"featured_media":0,"parent":0,"menu_order":0,"comment_status":"closed","ping_status":"closed","template":"","meta":{"footnotes":""},"class_list":["post-352","page","type-page","status-publish","hentry"],"_links":{"self":[{"href":"https:\/\/tiliwey.net\/en\/wp-json\/wp\/v2\/pages\/352","targetHints":{"allow":["GET"]}}],"collection":[{"href":"https:\/\/tiliwey.net\/en\/wp-json\/wp\/v2\/pages"}],"about":[{"href":"https:\/\/tiliwey.net\/en\/wp-json\/wp\/v2\/types\/page"}],"author":[{"embeddable":true,"href":"https:\/\/tiliwey.net\/en\/wp-json\/wp\/v2\/users\/1"}],"replies":[{"embeddable":true,"href":"https:\/\/tiliwey.net\/en\/wp-json\/wp\/v2\/comments?post=352"}],"version-history":[{"count":14,"href":"https:\/\/tiliwey.net\/en\/wp-json\/wp\/v2\/pages\/352\/revisions"}],"predecessor-version":[{"id":1465,"href":"https:\/\/tiliwey.net\/en\/wp-json\/wp\/v2\/pages\/352\/revisions\/1465"}],"wp:attachment":[{"href":"https:\/\/tiliwey.net\/en\/wp-json\/wp\/v2\/media?parent=352"}],"curies":[{"name":"wp","href":"https:\/\/api.w.org\/{rel}","templated":true}]}}