{"id":1530,"date":"2025-04-26T12:44:30","date_gmt":"2025-04-26T10:44:30","guid":{"rendered":"https:\/\/tiliwey.net\/?page_id=1530"},"modified":"2025-04-28T18:48:54","modified_gmt":"2025-04-28T16:48:54","slug":"mentions-legales","status":"publish","type":"page","link":"https:\/\/tiliwey.net\/en\/mentions-legales\/","title":{"rendered":"Legal Notices"},"content":{"rendered":"<span style=\"font-weight:bold; font-size:20px;\">Legal Notices<\/span><br\/><br\/>\n\n1-<span style=\"font-weight:bold\">Website Owner<\/span><br\/>\n\nThe website tiliwey.net belongs to the company Tiliwey.<br\/>\n\n2-<span style=\"font-weight:bold\">website hosting<\/span><br\/>\n\nFor any questions about the hosting of tiliwey.net, contact us to the  following mail : contact@tiliwey.net <br\/>\n\n3-<span style=\"font-weight:bold\">Personal data<\/span><br\/>\n\nThe personal data collected on this site are used for legitimate purposes, notably to improve the services offered on our website.<br\/>\n\n\n\n5-<span style=\"font-weight:bold\">Disclaimer of liability<\/span>\n<p>The information on this website is provided for information purposes only. While we endeavor to keep this information current and accurate, we make no guarantee, either express or implied, as to its completeness, accuracy, reliability, suitability or availability, whether with respect to the site itself or to any information, products, services or graphics offered thereon, for any purpose whatsoever.\n\t\nIn no event shall we be liable for any loss or damage, including without limitation, indirect or consequential loss or damage, or any loss of data or profits, arising out of or in connection with the use of this website.\n\nThis website may contain links to other websites which are not under the control of Tiliwey. We have no control over the nature, content or availability of these sites. The presence of links does not constitute a recommendation or approval of the opinions expressed therein.\n\nEvery effort is made to ensure the proper functioning of the site. However, Tiliwey cannot be held responsible for the temporary unavailability of the site due to technical problems beyond our control.\n<\/p>","protected":false},"excerpt":{"rendered":"<p>Mentions L\u00e9gales 1-Propri\u00e9taitre du site web Le site internet tiliwey.net appartient \u00e0 l&rsquo;entreprise Tiliwey. 2-Hebergement Pour toutes vos questions concernant l\u2019h\u00e9bergement du site web tiliwey.net, contactez-nous \u00e0 l\u2019adresse Email suivante: contact@tiliwey.net . 3-Donn\u00e9es personnelles Les donn\u00e9es personnelles collect\u00e9es sur ce site sont utilis\u00e9es \u00e0 des fins utiles notamment pour l\u2019am\u00e9lioration des services de notre site &hellip; <\/p>\n<p class=\"link-more\"><a href=\"https:\/\/tiliwey.net\/en\/mentions-legales\/\" class=\"more-link\">Read more<span class=\"screen-reader-text\"> \u00ab\u00a0Mentions Legales\u00a0\u00bb<\/span><\/a><\/p>","protected":false},"author":1,"featured_media":0,"parent":0,"menu_order":0,"comment_status":"closed","ping_status":"closed","template":"","meta":{"footnotes":""},"class_list":["post-1530","page","type-page","status-publish","hentry"],"_links":{"self":[{"href":"https:\/\/tiliwey.net\/en\/wp-json\/wp\/v2\/pages\/1530","targetHints":{"allow":["GET"]}}],"collection":[{"href":"https:\/\/tiliwey.net\/en\/wp-json\/wp\/v2\/pages"}],"about":[{"href":"https:\/\/tiliwey.net\/en\/wp-json\/wp\/v2\/types\/page"}],"author":[{"embeddable":true,"href":"https:\/\/tiliwey.net\/en\/wp-json\/wp\/v2\/users\/1"}],"replies":[{"embeddable":true,"href":"https:\/\/tiliwey.net\/en\/wp-json\/wp\/v2\/comments?post=1530"}],"version-history":[{"count":13,"href":"https:\/\/tiliwey.net\/en\/wp-json\/wp\/v2\/pages\/1530\/revisions"}],"predecessor-version":[{"id":1559,"href":"https:\/\/tiliwey.net\/en\/wp-json\/wp\/v2\/pages\/1530\/revisions\/1559"}],"wp:attachment":[{"href":"https:\/\/tiliwey.net\/en\/wp-json\/wp\/v2\/media?parent=1530"}],"curies":[{"name":"wp","href":"https:\/\/api.w.org\/{rel}","templated":true}]}}