{"id":14,"date":"2025-03-24T16:24:08","date_gmt":"2025-03-24T15:24:08","guid":{"rendered":"http:\/\/rhoprime.org\/?page_id=14"},"modified":"2025-05-26T16:48:43","modified_gmt":"2025-05-26T14:48:43","slug":"accueil","status":"publish","type":"page","link":"https:\/\/tiliwey.net\/en\/","title":{"rendered":"Home"},"content":{"rendered":"<div class=\"wp-block-cover alignfull is-light hestia-clear-top-padding\"><span aria-hidden=\"true\" class=\"wp-block-cover__background has-white-background-color has-background-dim-100 has-background-dim\"><\/span><div class=\"wp-block-cover__inner-container is-layout-flow wp-block-cover-is-layout-flow\">\n<p class=\"rs3\">Tiliwey<\/p>\n\n\n\n<p class=\"rs1 translation-block\"><p class=\"rs1\">Realiable information on weather, <span class=\"clima1\">climat<\/span> and environment for <span class=\"sepeci\">socio-economic<\/span> development and sustainable\nmanagement of nataural resources.<\/p><\/p>\n\n\n\n<p class=\"rs3\"><p class=\"rs3\">Climate &amp; environmental  data analysis<\/p><\/p>\n\n\n\n<div class=\"wp-block-media-text has-media-on-the-right is-stacked-on-mobile\"><div class=\"wp-block-media-text__content\">\n<p class=\"service1 translation-block\"><p class=\"service1\">We support rural and urban areas in building their <span class=\"resi\">resilience<\/span> to climate and weather <span class=\"rhop\"> risks<\/span>, by developing decision-making tools and enhancing the value of local resources. We also support companies in assessing their environmental, climate and weather risks, in order to anticipate impacts and build a resilient, responsible strategy.<\/p><\/p>\n<\/div><figure class=\"wp-block-media-text__media\"><img loading=\"lazy\" decoding=\"async\" width=\"1024\" height=\"1024\" src=\"http:\/\/rhoprime.org\/wp-content\/uploads\/2025\/04\/Climate-change-pana-1024x1024.png\" alt=\"\" class=\"wp-image-1243 size-full\" srcset=\"https:\/\/tiliwey.net\/wp-content\/uploads\/2025\/04\/Climate-change-pana-1024x1024.png 1024w, https:\/\/tiliwey.net\/wp-content\/uploads\/2025\/04\/Climate-change-pana-300x300.png 300w, https:\/\/tiliwey.net\/wp-content\/uploads\/2025\/04\/Climate-change-pana-150x150.png 150w, https:\/\/tiliwey.net\/wp-content\/uploads\/2025\/04\/Climate-change-pana-12x12.png 12w, https:\/\/tiliwey.net\/wp-content\/uploads\/2025\/04\/Climate-change-pana.png 2000w\" sizes=\"auto, (max-width: 1024px) 100vw, 1024px\" \/><\/figure><\/div>\n\n\n\n<h2 class=\"wp-block-heading has-text-align-center has-text-color\" style=\"color:#3c4858\">Who are we ?<\/h2>\n\n\n\n<div style=\"height:40px\" aria-hidden=\"true\" class=\"wp-block-spacer\"><\/div>\n\n\n\n<div style=\"height:40px\" aria-hidden=\"true\" class=\"wp-block-spacer\"><\/div>\n\n\n\n<p class=\"rsdef translation-block\"><p class=\"rsdef\">We are a company <span class=\"clima\">specializing<\/span> in environmental and climate <span class=\"rhop\">risk<\/span> analysis, as well as in the development of solutions for adapting to climate variability and change, and mitigating their effects.\n Relying on different types of observations and artificial intelligence, we design <span class=\"exp\">innovative<\/span> solutions to help rural and urban areas in Africa cope with climate and environmental<span class=\"rhop\"> risks<\/span>.\nThe creation of <span class=\"rhop\">tiliwey<\/span> responds to an inescapable reality: the world is faced with increasingly interconnected crises such as armed conflict, economic and health crises, and now the climate, ecological and environmental crisis - a systemic and global challenge.<br \/>\nIn response, efforts are underway to reduce <span class=\"rhop\">carbon emissions<\/span> and promote sustainable development models. However, these initiatives are taking place in a profoundly unequal world. While developed countries are moving ahead with their energy transition, many countries in the Global South - particularly in Africa - are still in the process of building their primary infrastructure. Against this backdrop, there is no single, universal solution. Each region needs to tailor its response to the climate challenge according to its own economic, social and environmental realities.<br \/><span style=\"font-weight :bold\"> It is precisely to meet these challenges that tiliway was created<\/span>.<br \/>\nOur ambition: to provide concrete, accessible tools adapted to the realities of Africa, to support inclusive and <span class=\"clima\">sustainable<\/span> adaptation.\n\n<\/p><\/p>\n<\/div><\/div>\n\n\n\n\n\n<p class=\"rs3\"  style=\"margin-top:120px;\">Our Products<\/p>\n\n\n\n<p class=\"service1 translation-block\"><p class=\"service1\">Contact us now to find out more about our decision-making tools currently under development. You can also take advantage of our <span class=\"exp1\">expertise<\/span> in climate and the environment to better adapt your business to the risks associated with <span class=\"clima\">climate<\/span> and <span class=\"rhop\">weather<\/span> evolution and variability, and understand the risks to your business so you can deal with them effectively.<\/p><\/p>\n\n\n\n<div id=\"news\" class=\"wp-block-group has-global-padding is-layout-constrained wp-block-group-is-layout-constrained\">\n<p class=\"has-text-align-left has-secondary-color has-text-color\"><\/p>\n\n\n\n<h2 class=\"wp-block-heading has-text-align-left\">Get Informed<\/h2>\n\n\n\n<div style=\"height:33px\" aria-hidden=\"true\" class=\"wp-block-spacer\"><\/div>\n\n\n\n<div class=\"wp-block-query is-layout-flow wp-block-query-is-layout-flow\"><ul class=\"columns-3 wp-block-post-template is-layout-grid wp-container-core-post-template-is-layout-6aac66c0 wp-block-post-template-is-layout-grid\"><li class=\"wp-block-post post-1594 post type-post status-publish format-standard has-post-thumbnail hentry category-blog category-non-classe category-nos-actualites\">\n<figure style=\"width:100%;height:240px; margin-bottom:var(--wp--preset--spacing--x-small);\" class=\"wp-block-post-featured-image\"><a href=\"https:\/\/tiliwey.net\/en\/le-changement-climatique-dans-le-secteur-financier-risques-et-opportunites\/\" target=\"_self\"  style=\"height:240px\"><img loading=\"lazy\" decoding=\"async\" width=\"724\" height=\"482\" src=\"https:\/\/tiliwey.net\/wp-content\/uploads\/2025\/05\/Image_risqueClimatiqueEtFinancierEnAfrique.jpg\" class=\"attachment-post-thumbnail size-post-thumbnail wp-post-image\" alt=\"Le changement climatique dans le secteur financier : risques et opportunit\u00e9s\" style=\"border-radius:5px;height:240px;object-fit:cover;\" srcset=\"https:\/\/tiliwey.net\/wp-content\/uploads\/2025\/05\/Image_risqueClimatiqueEtFinancierEnAfrique.jpg 724w, https:\/\/tiliwey.net\/wp-content\/uploads\/2025\/05\/Image_risqueClimatiqueEtFinancierEnAfrique-300x200.jpg 300w, https:\/\/tiliwey.net\/wp-content\/uploads\/2025\/05\/Image_risqueClimatiqueEtFinancierEnAfrique-18x12.jpg 18w\" sizes=\"auto, 100vw\" \/><\/a><\/figure>\n\n<div style=\"margin-top:0;margin-bottom:0;\" class=\"has-link-color wp-elements-a1817b6b9e4eaefd5826fde68b0a8fdb wp-block-post-date has-text-color has-tertiary-color\"><time datetime=\"2025-05-24T00:06:26+02:00\">24 May 2025<\/time><\/div>\n\n<h3 style=\"margin-top:0;margin-bottom:var(--wp--preset--spacing--x-small);\" class=\"has-link-color wp-elements-2e75b4e4fab489cf445e03eda13279d1 wp-block-post-title\"><a href=\"https:\/\/tiliwey.net\/en\/le-changement-climatique-dans-le-secteur-financier-risques-et-opportunites\/\" target=\"_self\" >Le changement climatique dans le secteur financier : risques et opportunit\u00e9s<\/a><\/h3>\n\n<div class=\"has-link-color wp-elements-61eeeb1d6c31f3761cb8bc35b6e1a095 wp-block-post-excerpt has-text-color has-tertiary-color\"><p class=\"wp-block-post-excerpt__excerpt\">Le changement climatique dans le secteur financier : risques et opportunit\u00e9s Cadre g\u00e9n\u00e9ral Le changement climatique repr\u00e9sente un d\u00e9fi mondial majeur, impactant profond\u00e9ment le secteur financier. Les institutions financi\u00e8res doivent d\u00e9sormais composer avec deux types principaux de risques&hellip; <\/p><\/div>\n\n<a style=\"text-transform:uppercase; border-width:2px; padding-right:var(--wp--preset--spacing--x-small);padding-left:var(--wp--preset--spacing--x-small);padding-top:10px;padding-bottom:10px;\" class=\"wp-block-read-more has-text-color has-foreground-color\" href=\"https:\/\/tiliwey.net\/en\/le-changement-climatique-dans-le-secteur-financier-risques-et-opportunites\/\" target=\"_self\">Read more<span class=\"screen-reader-text\">: Le changement climatique dans le secteur financier : risques et opportunit\u00e9s<\/span><\/a>\n<\/li><li class=\"wp-block-post post-1522 post type-post status-publish format-standard has-post-thumbnail hentry category-blog category-nos-actualites\">\n<figure style=\"width:100%;height:240px; margin-bottom:var(--wp--preset--spacing--x-small);\" class=\"wp-block-post-featured-image\"><a href=\"https:\/\/tiliwey.net\/en\/pourquoi-promouvoir-les-activites-bas-carbone-en-afrique-malgre-sa-faible-contribution-aux-emissions\/\" target=\"_self\"  style=\"height:240px\"><img loading=\"lazy\" decoding=\"async\" width=\"714\" height=\"471\" src=\"https:\/\/tiliwey.net\/wp-content\/uploads\/2025\/04\/CO2.png\" class=\"attachment-post-thumbnail size-post-thumbnail wp-post-image\" alt=\"Pourquoi Promouvoir les Activit\u00e9s Bas Carbone en Afrique, Malgr\u00e9 sa Faible Contribution aux \u00c9missions\" style=\"border-radius:5px;height:240px;object-fit:cover;\" srcset=\"https:\/\/tiliwey.net\/wp-content\/uploads\/2025\/04\/CO2.png 714w, https:\/\/tiliwey.net\/wp-content\/uploads\/2025\/04\/CO2-300x198.png 300w, https:\/\/tiliwey.net\/wp-content\/uploads\/2025\/04\/CO2-18x12.png 18w\" sizes=\"auto, 100vw\" \/><\/a><\/figure>\n\n<div style=\"margin-top:0;margin-bottom:0;\" class=\"has-link-color wp-elements-a1817b6b9e4eaefd5826fde68b0a8fdb wp-block-post-date has-text-color has-tertiary-color\"><time datetime=\"2025-04-25T16:33:52+02:00\">25 April 2025<\/time><\/div>\n\n<h3 style=\"margin-top:0;margin-bottom:var(--wp--preset--spacing--x-small);\" class=\"has-link-color wp-elements-2e75b4e4fab489cf445e03eda13279d1 wp-block-post-title\"><a href=\"https:\/\/tiliwey.net\/en\/pourquoi-promouvoir-les-activites-bas-carbone-en-afrique-malgre-sa-faible-contribution-aux-emissions\/\" target=\"_self\" >Pourquoi Promouvoir les Activit\u00e9s Bas Carbone en Afrique, Malgr\u00e9 sa Faible Contribution aux \u00c9missions<\/a><\/h3>\n\n<div class=\"has-link-color wp-elements-61eeeb1d6c31f3761cb8bc35b6e1a095 wp-block-post-excerpt has-text-color has-tertiary-color\"><p class=\"wp-block-post-excerpt__excerpt\">Activit\u00e9s Bas Carbone en Afrique, Malgr\u00e9 sa Faible Contribution aux \u00c9missions L\u2019Afrique \u00e9met peu de gaz \u00e0 effet de serre. Elle repr\u00e9sente moins de 4 % des \u00e9missions mondiales cumul\u00e9es, bien en de\u00e7\u00e0 des grands \u00e9metteurs historiques. Pourtant,&hellip; <\/p><\/div>\n\n<a style=\"text-transform:uppercase; border-width:2px; padding-right:var(--wp--preset--spacing--x-small);padding-left:var(--wp--preset--spacing--x-small);padding-top:10px;padding-bottom:10px;\" class=\"wp-block-read-more has-text-color has-foreground-color\" href=\"https:\/\/tiliwey.net\/en\/pourquoi-promouvoir-les-activites-bas-carbone-en-afrique-malgre-sa-faible-contribution-aux-emissions\/\" target=\"_self\">Read more<span class=\"screen-reader-text\">: Pourquoi Promouvoir les Activit\u00e9s Bas Carbone en Afrique, Malgr\u00e9 sa Faible Contribution aux \u00c9missions<\/span><\/a>\n<\/li><li class=\"wp-block-post post-1518 post type-post status-publish format-standard has-post-thumbnail hentry category-blog category-nos-actualites\">\n<figure style=\"width:100%;height:240px; margin-bottom:var(--wp--preset--spacing--x-small);\" class=\"wp-block-post-featured-image\"><a href=\"https:\/\/tiliwey.net\/en\/pourquoi-comprendre-le-risque-physique-lie-au-climat-est-crucial-pour-toute-activite-en-afrique\/\" target=\"_self\"  style=\"height:240px\"><img loading=\"lazy\" decoding=\"async\" width=\"717\" height=\"502\" src=\"https:\/\/tiliwey.net\/wp-content\/uploads\/2025\/04\/Bloc_RisquePhysiqueAfrique.png\" class=\"attachment-post-thumbnail size-post-thumbnail wp-post-image\" alt=\"Pourquoi Comprendre le Risque Physique Li\u00e9 au Climat Est Crucial pour Toute Activit\u00e9 en Afrique ?\" style=\"border-radius:5px;height:240px;object-fit:cover;\" srcset=\"https:\/\/tiliwey.net\/wp-content\/uploads\/2025\/04\/Bloc_RisquePhysiqueAfrique.png 717w, https:\/\/tiliwey.net\/wp-content\/uploads\/2025\/04\/Bloc_RisquePhysiqueAfrique-300x210.png 300w, https:\/\/tiliwey.net\/wp-content\/uploads\/2025\/04\/Bloc_RisquePhysiqueAfrique-18x12.png 18w\" sizes=\"auto, 100vw\" \/><\/a><\/figure>\n\n<div style=\"margin-top:0;margin-bottom:0;\" class=\"has-link-color wp-elements-a1817b6b9e4eaefd5826fde68b0a8fdb wp-block-post-date has-text-color has-tertiary-color\"><time datetime=\"2025-04-25T16:15:29+02:00\">25 April 2025<\/time><\/div>\n\n<h3 style=\"margin-top:0;margin-bottom:var(--wp--preset--spacing--x-small);\" class=\"has-link-color wp-elements-2e75b4e4fab489cf445e03eda13279d1 wp-block-post-title\"><a href=\"https:\/\/tiliwey.net\/en\/pourquoi-comprendre-le-risque-physique-lie-au-climat-est-crucial-pour-toute-activite-en-afrique\/\" target=\"_self\" >Pourquoi Comprendre le Risque Physique Li\u00e9 au Climat Est Crucial pour Toute Activit\u00e9 en Afrique ?<\/a><\/h3>\n\n<div class=\"has-link-color wp-elements-61eeeb1d6c31f3761cb8bc35b6e1a095 wp-block-post-excerpt has-text-color has-tertiary-color\"><p class=\"wp-block-post-excerpt__excerpt\">Le risque physique li\u00e9 au climat, en Afrique En Afrique, le changement climatique n\u2019est pas un ph\u00e9nom\u00e8ne abstrait ou lointain. Il se manifeste d\u00e9j\u00e0 de mani\u00e8re tangible \u00e0 travers des \u00e9pisodes climatiques extr\u00eames, des saisons agricoles de plus&hellip; <\/p><\/div>\n\n<a style=\"text-transform:uppercase; border-width:2px; padding-right:var(--wp--preset--spacing--x-small);padding-left:var(--wp--preset--spacing--x-small);padding-top:10px;padding-bottom:10px;\" class=\"wp-block-read-more has-text-color has-foreground-color\" href=\"https:\/\/tiliwey.net\/en\/pourquoi-comprendre-le-risque-physique-lie-au-climat-est-crucial-pour-toute-activite-en-afrique\/\" target=\"_self\">Read more<span class=\"screen-reader-text\">: Pourquoi Comprendre le Risque Physique Li\u00e9 au Climat Est Crucial pour Toute Activit\u00e9 en Afrique ?<\/span><\/a>\n<\/li><li class=\"wp-block-post post-1507 post type-post status-publish format-standard has-post-thumbnail hentry category-blog category-nos-actualites\">\n<figure style=\"width:100%;height:240px; margin-bottom:var(--wp--preset--spacing--x-small);\" class=\"wp-block-post-featured-image\"><a href=\"https:\/\/tiliwey.net\/en\/comprendre-le-risque-physique-lie-au-climat\/\" target=\"_self\"  style=\"height:240px\"><img loading=\"lazy\" decoding=\"async\" width=\"1157\" height=\"719\" src=\"https:\/\/tiliwey.net\/wp-content\/uploads\/2025\/04\/Bloc_RisquePhysique.png\" class=\"attachment-post-thumbnail size-post-thumbnail wp-post-image\" alt=\"Comprendre le Risque Physique Li\u00e9 au Climat\" style=\"border-radius:5px;height:240px;object-fit:cover;\" srcset=\"https:\/\/tiliwey.net\/wp-content\/uploads\/2025\/04\/Bloc_RisquePhysique.png 1157w, https:\/\/tiliwey.net\/wp-content\/uploads\/2025\/04\/Bloc_RisquePhysique-300x186.png 300w, https:\/\/tiliwey.net\/wp-content\/uploads\/2025\/04\/Bloc_RisquePhysique-1024x636.png 1024w, https:\/\/tiliwey.net\/wp-content\/uploads\/2025\/04\/Bloc_RisquePhysique-18x12.png 18w\" sizes=\"auto, 100vw\" \/><\/a><\/figure>\n\n<div style=\"margin-top:0;margin-bottom:0;\" class=\"has-link-color wp-elements-a1817b6b9e4eaefd5826fde68b0a8fdb wp-block-post-date has-text-color has-tertiary-color\"><time datetime=\"2025-04-25T15:05:59+02:00\">25 April 2025<\/time><\/div>\n\n<h3 style=\"margin-top:0;margin-bottom:var(--wp--preset--spacing--x-small);\" class=\"has-link-color wp-elements-2e75b4e4fab489cf445e03eda13279d1 wp-block-post-title\"><a href=\"https:\/\/tiliwey.net\/en\/comprendre-le-risque-physique-lie-au-climat\/\" target=\"_self\" >Comprendre le Risque Physique Li\u00e9 au Climat<\/a><\/h3>\n\n<div class=\"has-link-color wp-elements-61eeeb1d6c31f3761cb8bc35b6e1a095 wp-block-post-excerpt has-text-color has-tertiary-color\"><p class=\"wp-block-post-excerpt__excerpt\">Le risque physique li\u00e9 au climat Le changement climatique est souvent \u00e9voqu\u00e9 \u00e0 travers des moyennes globales : hausse des temp\u00e9ratures, fonte des glaciers, augmentation du niveau des mers. Pourtant, ses effets les plus perceptibles, les plus concrets&hellip; <\/p><\/div>\n\n<a style=\"text-transform:uppercase; border-width:2px; padding-right:var(--wp--preset--spacing--x-small);padding-left:var(--wp--preset--spacing--x-small);padding-top:10px;padding-bottom:10px;\" class=\"wp-block-read-more has-text-color has-foreground-color\" href=\"https:\/\/tiliwey.net\/en\/comprendre-le-risque-physique-lie-au-climat\/\" target=\"_self\">Read more<span class=\"screen-reader-text\">: Comprendre le Risque Physique Li\u00e9 au Climat<\/span><\/a>\n<\/li><\/ul>\n\n<\/div>\n\n\n\n<div style=\"height:85px\" aria-hidden=\"true\" class=\"wp-block-spacer\"><\/div>\n<\/div>","protected":false},"excerpt":{"rendered":"<p>Nos Produits Contactez-nous d\u00e8s maintenant pour d\u00e9couvrir nos outils de prise de d\u00e9cision en cours de d\u00e9veloppement. Profitez \u00e9galement de notre expertise en climat et en environnement pour mieux adapter votre activit\u00e9 aux risques li\u00e9s \u00e0 l\u2019\u00e9volution et \u00e0 la variabilit\u00e9 climatiques et m\u00e9t\u00e9orologiques, et comprendre les risques pour vos activit\u00e9s afin d\u2019y faire face &hellip; <\/p>\n<p class=\"link-more\"><a href=\"https:\/\/tiliwey.net\/en\/\" class=\"more-link\">Read more<span class=\"screen-reader-text\"> \u00ab\u00a0Accueil\u00a0\u00bb<\/span><\/a><\/p>","protected":false},"author":1,"featured_media":169,"parent":0,"menu_order":0,"comment_status":"closed","ping_status":"closed","template":"","meta":{"footnotes":""},"class_list":["post-14","page","type-page","status-publish","has-post-thumbnail","hentry"],"_links":{"self":[{"href":"https:\/\/tiliwey.net\/en\/wp-json\/wp\/v2\/pages\/14","targetHints":{"allow":["GET"]}}],"collection":[{"href":"https:\/\/tiliwey.net\/en\/wp-json\/wp\/v2\/pages"}],"about":[{"href":"https:\/\/tiliwey.net\/en\/wp-json\/wp\/v2\/types\/page"}],"author":[{"embeddable":true,"href":"https:\/\/tiliwey.net\/en\/wp-json\/wp\/v2\/users\/1"}],"replies":[{"embeddable":true,"href":"https:\/\/tiliwey.net\/en\/wp-json\/wp\/v2\/comments?post=14"}],"version-history":[{"count":155,"href":"https:\/\/tiliwey.net\/en\/wp-json\/wp\/v2\/pages\/14\/revisions"}],"predecessor-version":[{"id":1616,"href":"https:\/\/tiliwey.net\/en\/wp-json\/wp\/v2\/pages\/14\/revisions\/1616"}],"wp:featuredmedia":[{"embeddable":true,"href":"https:\/\/tiliwey.net\/en\/wp-json\/wp\/v2\/media\/169"}],"wp:attachment":[{"href":"https:\/\/tiliwey.net\/en\/wp-json\/wp\/v2\/media?parent=14"}],"curies":[{"name":"wp","href":"https:\/\/api.w.org\/{rel}","templated":true}]}}